{"id":14951,"date":"2022-06-04T03:55:46","date_gmt":"2022-06-04T01:55:46","guid":{"rendered":"https:\/\/www.caststairs.com\/demander-un-devis\/"},"modified":"2022-12-05T17:10:58","modified_gmt":"2022-12-05T16:10:58","slug":"demander-un-devis","status":"publish","type":"page","link":"https:\/\/www.caststairs.com\/fr\/demander-un-devis\/","title":{"rendered":"Demander un devis"},"content":{"rendered":"\t\t<div data-elementor-type=\"wp-page\" data-elementor-id=\"14951\" class=\"elementor elementor-14951 elementor-103\">\n\t\t\t\t\t\t<div class=\"elementor-section elementor-top-section elementor-element elementor-element-845a885 elementor-section-full_width elementor-section-stretched elementor-section-height-default elementor-section-height-default\" data-id=\"845a885\" data-element_type=\"section\" data-settings=\"{&quot;stretch_section&quot;:&quot;section-stretched&quot;,&quot;background_background&quot;:&quot;classic&quot;}\">\n\t\t\t\t\t\t<div class=\"elementor-container elementor-column-gap-no\">\n\t\t\t\t\t<div class=\"elementor-column elementor-col-100 elementor-top-column elementor-element elementor-element-ea6c6d6\" data-id=\"ea6c6d6\" data-element_type=\"column\">\n\t\t\t<div class=\"elementor-widget-wrap elementor-element-populated\">\n\t\t\t\t\t\t<div class=\"elementor-section elementor-inner-section elementor-element elementor-element-d01342f elementor-section-boxed elementor-section-height-default elementor-section-height-default\" data-id=\"d01342f\" data-element_type=\"section\">\n\t\t\t\t\t\t<div class=\"elementor-container elementor-column-gap-no\">\n\t\t\t\t\t<div class=\"elementor-column elementor-col-50 elementor-inner-column elementor-element elementor-element-956bcc0\" data-id=\"956bcc0\" data-element_type=\"column\">\n\t\t\t<div class=\"elementor-widget-wrap elementor-element-populated\">\n\t\t\t\t\t\t<div class=\"elementor-element elementor-element-7dae6ef contact-form-align-left contact-form-align-center elementor-widget elementor-widget-kitchor-contactform\" data-id=\"7dae6ef\" data-element_type=\"widget\" data-widget_type=\"kitchor-contactform.default\">\n\t\t\t\t<div class=\"elementor-widget-container\">\n\t\t\t\t\t\n<div class=\"wpcf7 no-js\" id=\"wpcf7-f15116-o1\" lang=\"fr-FR\" dir=\"ltr\" data-wpcf7-id=\"15116\">\n<div class=\"screen-reader-response\"><p role=\"status\" aria-live=\"polite\" aria-atomic=\"true\"><\/p> <ul><\/ul><\/div>\n<form action=\"\/fr\/wp-json\/wp\/v2\/pages\/14951#wpcf7-f15116-o1\" method=\"post\" class=\"wpcf7-form init\" aria-label=\"Formulaire de contact\" enctype=\"multipart\/form-data\" novalidate=\"novalidate\" data-status=\"init\">\n<fieldset class=\"hidden-fields-container\"><input type=\"hidden\" name=\"_wpcf7\" value=\"15116\" \/><input type=\"hidden\" name=\"_wpcf7_version\" value=\"6.1.4\" \/><input type=\"hidden\" name=\"_wpcf7_locale\" value=\"fr_FR\" \/><input type=\"hidden\" name=\"_wpcf7_unit_tag\" value=\"wpcf7-f15116-o1\" \/><input type=\"hidden\" name=\"_wpcf7_container_post\" value=\"0\" \/><input type=\"hidden\" name=\"_wpcf7_posted_data_hash\" value=\"\" \/><input type=\"hidden\" name=\"_wpcf7_recaptcha_response\" value=\"\" \/>\n<\/fieldset>\n<div class=\"row row-form\">\n  <div class=\"column-tablet-12 column-12\">\n    <h5>Entrez les d\u00e9tails<\/h5>\n  <\/div>\n<\/div>\n\n<div class=\"row row-form\">\n  <div class=\"column-tablet-6 column-12\">\n    <p><span class=\"wpcf7-form-control-wrap\" data-name=\"your-first-name\"><input size=\"40\" maxlength=\"400\" class=\"wpcf7-form-control wpcf7-text wpcf7-validates-as-required\" id=\"form-first-name\" aria-required=\"true\" aria-invalid=\"false\" placeholder=\"Pr\u00e9nom *\" value=\"\" type=\"text\" name=\"your-first-name\" \/><\/span><\/p>\n  <\/div>\n  <div class=\"column-tablet-6 column-12\">\n    <p><span class=\"wpcf7-form-control-wrap\" data-name=\"your-last-name\"><input size=\"40\" maxlength=\"400\" class=\"wpcf7-form-control wpcf7-text wpcf7-validates-as-required\" id=\"form-lastname\" aria-required=\"true\" aria-invalid=\"false\" placeholder=\"Nom *\" value=\"\" type=\"text\" name=\"your-last-name\" \/><\/span><\/p>\n  <\/div>\n<\/div>\n\n<div class=\"row row-form\">\n  <div class=\"column-tablet-6 column-12\">\n    <p><span class=\"wpcf7-form-control-wrap\" data-name=\"your-email\"><input size=\"40\" maxlength=\"400\" class=\"wpcf7-form-control wpcf7-email wpcf7-validates-as-required wpcf7-text wpcf7-validates-as-email\" id=\"form-email\" aria-required=\"true\" aria-invalid=\"false\" placeholder=\"Email *\" value=\"\" type=\"email\" name=\"your-email\" \/><\/span><\/p>\n  <\/div>\n  <div class=\"column-tablet-6 column-12\">\n    <p><span class=\"wpcf7-form-control-wrap\" data-name=\"your-city\"><input size=\"40\" maxlength=\"400\" class=\"wpcf7-form-control wpcf7-text wpcf7-validates-as-required\" id=\"form-city\" aria-required=\"true\" aria-invalid=\"false\" placeholder=\"Ville *\" value=\"\" type=\"text\" name=\"your-city\" \/><\/span><\/p>\n  <\/div>\n<\/div>\n\n<div class=\"row row-form\">\n  <div class=\"column-tablet-6 column-12\">\n    <p><span class=\"wpcf7-form-control-wrap\" data-name=\"your-tel\"><input size=\"40\" maxlength=\"400\" class=\"wpcf7-form-control wpcf7-tel wpcf7-validates-as-required wpcf7-text wpcf7-validates-as-tel\" id=\"form-tel\" aria-required=\"true\" aria-invalid=\"false\" placeholder=\"T\u00e9l\u00e9phone *\" value=\"\" type=\"tel\" name=\"your-tel\" \/><\/span><\/p>\n  <\/div>\n  <div class=\"column-tablet-6 column-12\">\n    <p><span class=\"wpcf7-form-control-wrap\" data-name=\"your-subject\"><input size=\"40\" maxlength=\"400\" class=\"wpcf7-form-control wpcf7-text wpcf7-validates-as-required\" id=\"form-subject\" aria-required=\"true\" aria-invalid=\"false\" placeholder=\"Objet *\" value=\"\" type=\"text\" name=\"your-subject\" \/><\/span><\/p>\n  <\/div>\n<\/div>\n\n<div class=\"row row-form\">\n  <div class=\"column-12\">\n    <p><span class=\"wpcf7-form-control-wrap\" data-name=\"your-textarea\"><textarea cols=\"40\" rows=\"10\" maxlength=\"2000\" class=\"wpcf7-form-control wpcf7-textarea wpcf7-validates-as-required\" id=\"form-textarea\" aria-required=\"true\" aria-invalid=\"false\" placeholder=\"Message\" name=\"your-textarea\"><\/textarea><\/span><\/p>\n  <\/div>\n  <div class=\"column-12\">\n    <p><span class=\"wpcf7-form-control-wrap\" data-name=\"file-51\"><input size=\"40\" class=\"wpcf7-form-control wpcf7-file\" accept=\".pdf,.jpg,.png,.doc,.docx\" aria-invalid=\"false\" type=\"file\" name=\"file-51\" \/><\/span><\/p>\n  <\/div>\n<\/div>\n\n<div class=\"row row-form\">\n  <div class=\"column-tablet-12 column-12\">\n    <h5>Comment avez-vous entendu parler de nous?<\/h5>\n  <\/div>\n<\/div>\n\n<div class=\"row row-form\">\n  <div class=\"column-tablet-12 column-12\">\n    <p><span class=\"wpcf7-form-control-wrap\" data-name=\"your-answer\"><select class=\"wpcf7-form-control wpcf7-select wpcf7-validates-as-required\" aria-required=\"true\" aria-invalid=\"false\" name=\"your-answer\"><option value=\"- - - - -\">- - - - -<\/option><option value=\"Internet\">Internet<\/option><option value=\"D&#039;un ami\/membre de la famille\">D&#039;un ami\/membre de la famille<\/option><option value=\"Via les r\u00e9seaux sociaux (Instagram - Facebook)\">Via les r\u00e9seaux sociaux (Instagram - Facebook)<\/option><\/select><\/span><\/p>\n  <\/div>\n<\/div>\n\n<div class=\"row row-form\">\n  <div class=\"column-tablet-12 column-12\">\n    <h6>Pr\u00e9f\u00e9rences de communication *<\/h6>\n  <\/div>\n<\/div>\n\n<div class=\"row row-form\">\n  <div class=\"column-tablet-12 column-12\">\n    <p>[radio* communication-preferences use_label_element default:1 \n    \"Oui - Je souhaite recevoir la newsletter Cast, les offres sp\u00e9ciales et les r\u00e9ductions et les offres des showrooms locaux par e-mail et SMS\" \n    \"Non - Je ne souhaite pas recevoir de communications marke<div class=\"wpcf7-response-output\" aria-hidden=\"true\"><\/div>\n<\/form>\n<\/div>\n\t\t\t\t<\/div>\n\t\t\t\t<\/div>\n\t\t\t\t\t<\/div>\n\t\t<\/div>\n\t\t\t\t<div class=\"elementor-column elementor-col-50 elementor-inner-column elementor-element elementor-element-6c46705\" data-id=\"6c46705\" data-element_type=\"column\">\n\t\t\t<div class=\"elementor-widget-wrap elementor-element-populated\">\n\t\t\t\t\t\t<div class=\"elementor-element elementor-element-f9d0e4f elementor-widget elementor-widget-heading\" data-id=\"f9d0e4f\" data-element_type=\"widget\" data-widget_type=\"heading.default\">\n\t\t\t\t<div class=\"elementor-widget-container\">\n\t\t\t\t\t<h2 class=\"elementor-heading-title elementor-size-default\">Demandez votre devis gratuit!<\/h2>\t\t\t\t<\/div>\n\t\t\t\t<\/div>\n\t\t\t\t<div class=\"elementor-element elementor-element-77f496b elementor-position-left elementor-view-default elementor-mobile-position-top elementor-widget elementor-widget-icon-box\" data-id=\"77f496b\" data-element_type=\"widget\" data-widget_type=\"icon-box.default\">\n\t\t\t\t<div class=\"elementor-widget-container\">\n\t\t\t\t\t\t\t<div class=\"elementor-icon-box-wrapper\">\n\n\t\t\t\t\t\t<div class=\"elementor-icon-box-icon\">\n\t\t\t\t<span  class=\"elementor-icon\">\n\t\t\t\t<i aria-hidden=\"true\" class=\"far fa-check-circle\"><\/i>\t\t\t\t<\/span>\n\t\t\t<\/div>\n\t\t\t\n\t\t\t\t\t\t<div class=\"elementor-icon-box-content\">\n\n\t\t\t\t\n\t\t\t\t\t\t\t\t\t<p class=\"elementor-icon-box-description\">\n\t\t\t\t\t\tEnvoyez-nous votre demande accompagn\u00e9e de mesures (taille du trou, hauteur, mod\u00e8le d'escalier de r\u00e9f\u00e9rence), nous l'analyserons ensemble avec nos techniciens pour vous proposer les solutions les plus adapt\u00e9es \u00e0 vos espaces et \u00e0 vos go\u00fbts.\t\t\t\t\t<\/p>\n\t\t\t\t\n\t\t\t<\/div>\n\t\t\t\n\t\t<\/div>\n\t\t\t\t\t\t<\/div>\n\t\t\t\t<\/div>\n\t\t\t\t<div class=\"elementor-element elementor-element-11457ca elementor-position-left elementor-view-default elementor-mobile-position-top elementor-widget elementor-widget-icon-box\" data-id=\"11457ca\" data-element_type=\"widget\" data-widget_type=\"icon-box.default\">\n\t\t\t\t<div class=\"elementor-widget-container\">\n\t\t\t\t\t\t\t<div class=\"elementor-icon-box-wrapper\">\n\n\t\t\t\t\t\t<div class=\"elementor-icon-box-icon\">\n\t\t\t\t<span  class=\"elementor-icon\">\n\t\t\t\t<i aria-hidden=\"true\" class=\"far fa-check-circle\"><\/i>\t\t\t\t<\/span>\n\t\t\t<\/div>\n\t\t\t\n\t\t\t\t\t\t<div class=\"elementor-icon-box-content\">\n\n\t\t\t\t\n\t\t\t\t\t\t\t\t\t<p class=\"elementor-icon-box-description\">\n\t\t\t\t\t\tNotre bureau de vente vous fournira une estimation approximative avec toutes les sp\u00e9cifications de l'escalier propos\u00e9.\t\t\t\t\t<\/p>\n\t\t\t\t\n\t\t\t<\/div>\n\t\t\t\n\t\t<\/div>\n\t\t\t\t\t\t<\/div>\n\t\t\t\t<\/div>\n\t\t\t\t<div class=\"elementor-element elementor-element-7d430ca elementor-position-left elementor-view-default elementor-mobile-position-top elementor-widget elementor-widget-icon-box\" data-id=\"7d430ca\" data-element_type=\"widget\" data-widget_type=\"icon-box.default\">\n\t\t\t\t<div class=\"elementor-widget-container\">\n\t\t\t\t\t\t\t<div class=\"elementor-icon-box-wrapper\">\n\n\t\t\t\t\t\t<div class=\"elementor-icon-box-icon\">\n\t\t\t\t<span  class=\"elementor-icon\">\n\t\t\t\t<i aria-hidden=\"true\" class=\"far fa-check-circle\"><\/i>\t\t\t\t<\/span>\n\t\t\t<\/div>\n\t\t\t\n\t\t\t\t\t\t<div class=\"elementor-icon-box-content\">\n\n\t\t\t\t\n\t\t\t\t\t\t\t\t\t<p class=\"elementor-icon-box-description\">\n\t\t\t\t\t\tUne fois que vous avez d\u00e9cid\u00e9 de votre mod\u00e8le, les mesures seront prises pour enfin proc\u00e9der \u00e0 la commande finale.\t\t\t\t\t<\/p>\n\t\t\t\t\n\t\t\t<\/div>\n\t\t\t\n\t\t<\/div>\n\t\t\t\t\t\t<\/div>\n\t\t\t\t<\/div>\n\t\t\t\t\t<\/div>\n\t\t<\/div>\n\t\t\t\t\t<\/div>\n\t\t<\/div>\n\t\t\t\t\t<\/div>\n\t\t<\/div>\n\t\t\t\t\t<\/div>\n\t\t<\/div>\n\t\t\t\t<section class=\"elementor-section elementor-top-section elementor-element elementor-element-7175003 elementor-section-boxed elementor-section-height-default elementor-section-height-default\" data-id=\"7175003\" data-element_type=\"section\">\n\t\t\t\t\t\t<div class=\"elementor-container elementor-column-gap-default\">\n\t\t\t\t\t<div class=\"elementor-column elementor-col-100 elementor-top-column elementor-element elementor-element-a56e5a8\" data-id=\"a56e5a8\" data-element_type=\"column\">\n\t\t\t<div class=\"elementor-widget-wrap elementor-element-populated\">\n\t\t\t\t\t\t<div class=\"elementor-element elementor-element-8ad0460 elementor-widget elementor-widget-spacer\" data-id=\"8ad0460\" data-element_type=\"widget\" data-widget_type=\"spacer.default\">\n\t\t\t\t<div class=\"elementor-widget-container\">\n\t\t\t\t\t\t\t<div class=\"elementor-spacer\">\n\t\t\t<div class=\"elementor-spacer-inner\"><\/div>\n\t\t<\/div>\n\t\t\t\t\t\t<\/div>\n\t\t\t\t<\/div>\n\t\t\t\t\t<\/div>\n\t\t<\/div>\n\t\t\t\t\t<\/div>\n\t\t<\/section>\n\t\t\t\t<\/div>\n\t\t","protected":false},"excerpt":{"rendered":"<p>Inserisci dettagli Messaggio Come hai saputo di noi? &#8211; &#8211; &#8211; &#8211; &#8211;Pubblicit\u00e0 in TVDa un amicoVolantino Metodo di contatto preferito * TelefonoMessaggioEmail Preferenze di comunicazione * S\u00ec &#8211; Desidero ricevere la newsletter di Cast, le offerte speciali e gli sconti e le offerte degli showroom locali tramite e-mail e SMSNo &#8211; Non desidero ricevere [&hellip;]<\/p>\n","protected":false},"author":1,"featured_media":0,"parent":0,"menu_order":0,"comment_status":"closed","ping_status":"closed","template":"","meta":{"inline_featured_image":false,"footnotes":""},"class_list":["post-14951","page","type-page","status-publish","hentry"],"_links":{"self":[{"href":"https:\/\/www.caststairs.com\/fr\/wp-json\/wp\/v2\/pages\/14951","targetHints":{"allow":["GET"]}}],"collection":[{"href":"https:\/\/www.caststairs.com\/fr\/wp-json\/wp\/v2\/pages"}],"about":[{"href":"https:\/\/www.caststairs.com\/fr\/wp-json\/wp\/v2\/types\/page"}],"author":[{"embeddable":true,"href":"https:\/\/www.caststairs.com\/fr\/wp-json\/wp\/v2\/users\/1"}],"replies":[{"embeddable":true,"href":"https:\/\/www.caststairs.com\/fr\/wp-json\/wp\/v2\/comments?post=14951"}],"version-history":[{"count":4,"href":"https:\/\/www.caststairs.com\/fr\/wp-json\/wp\/v2\/pages\/14951\/revisions"}],"predecessor-version":[{"id":15175,"href":"https:\/\/www.caststairs.com\/fr\/wp-json\/wp\/v2\/pages\/14951\/revisions\/15175"}],"wp:attachment":[{"href":"https:\/\/www.caststairs.com\/fr\/wp-json\/wp\/v2\/media?parent=14951"}],"curies":[{"name":"wp","href":"https:\/\/api.w.org\/{rel}","templated":true}]}}