{"id":14948,"date":"2022-06-04T03:31:33","date_gmt":"2022-06-04T01:31:33","guid":{"rendered":"https:\/\/www.caststairs.com\/escaliers\/"},"modified":"2022-12-05T17:03:03","modified_gmt":"2022-12-05T16:03:03","slug":"escaliers","status":"publish","type":"page","link":"https:\/\/www.caststairs.com\/fr\/escaliers\/","title":{"rendered":"Escaliers"},"content":{"rendered":"\t\t<div data-elementor-type=\"wp-page\" data-elementor-id=\"14948\" class=\"elementor elementor-14948 elementor-46\">\n\t\t\t\t\t\t<section class=\"elementor-section elementor-top-section elementor-element elementor-element-385bfcc elementor-section-boxed elementor-section-height-default elementor-section-height-default\" data-id=\"385bfcc\" data-element_type=\"section\">\n\t\t\t\t\t\t<div class=\"elementor-container elementor-column-gap-default\">\n\t\t\t\t\t<div class=\"elementor-column elementor-col-25 elementor-top-column elementor-element elementor-element-96f822e\" data-id=\"96f822e\" data-element_type=\"column\">\n\t\t\t<div class=\"elementor-widget-wrap elementor-element-populated\">\n\t\t\t\t\t\t<div class=\"elementor-element elementor-element-527027f box-align-left elementor-position-below button-banner-style-kitchor-default elementor-bg-transform elementor-bg-transform-zoom-in elementor-widget elementor-widget-kitchor-banner\" data-id=\"527027f\" data-element_type=\"widget\" data-settings=\"{&quot;overlay_color_background&quot;:&quot;classic&quot;}\" data-widget_type=\"kitchor-banner.default\">\n\t\t\t\t<div class=\"elementor-widget-container\">\n\t\t\t\t\t        <a href=\"https:\/\/www.caststairs.com\/fr\/scale\/escaliers-interieurs-a-jour\/\" title=\"scale interne a giorno\" class=\"elementor-cta--skin-cover elementor-cta elementor-kitchor-banner\">\n                    <div class=\"elementor-cta__bg-wrapper\">\n                <div class=\"elementor-cta__bg elementor-bg\" style=\"background-image: url(https:\/\/www.caststairs.com\/wp-content\/uploads\/2022\/10\/scala-a-chiocciola-quadrata-k8q-S2800-inox-2.jpeg);\"><\/div>\n                <div class=\"elementor-cta__bg-overlay\"><\/div>\n            <\/div>\n                <div class=\"elementor-cta__content\">\n        <div class=\"elementor-cta__content_inner\">\n                \n                <h3 class=\"elementor-cta__title elementor-cta__content-item elementor-content-item\">\n        Escaliers int\u00e9rieurs \u00e0 jour        <\/h3>\n    \n        \n                <div class=\"elementor-cta__button-wrapper elementor-cta__content-item elementor-content-item \">\n            <span class=\"elementor-cta__button elementor-button\"            >\n            <span class=\"elementor-button-content-wrapper\">\n                                <span class=\"elementor-button-text\">D\u00e9couvrez<\/span>\n            <\/span>\n\n            <\/span>\n\n            <\/div>\n                <\/div>\n        <\/div>\n        <\/a>\n        \t\t\t\t<\/div>\n\t\t\t\t<\/div>\n\t\t\t\t\t<\/div>\n\t\t<\/div>\n\t\t\t\t<div class=\"elementor-column elementor-col-25 elementor-top-column elementor-element elementor-element-fa60ac7\" data-id=\"fa60ac7\" data-element_type=\"column\">\n\t\t\t<div class=\"elementor-widget-wrap elementor-element-populated\">\n\t\t\t\t\t\t<div class=\"elementor-element elementor-element-2833030 elementor-position-below button-banner-style-kitchor-default elementor-bg-transform elementor-bg-transform-zoom-in elementor-widget elementor-widget-kitchor-banner\" data-id=\"2833030\" data-element_type=\"widget\" data-settings=\"{&quot;overlay_color_background&quot;:&quot;classic&quot;}\" data-widget_type=\"kitchor-banner.default\">\n\t\t\t\t<div class=\"elementor-widget-container\">\n\t\t\t\t\t        <a href=\"https:\/\/www.caststairs.com\/fr\/scale\/escaliers-sospendus\/\" title=\"scale a sbalzo\" class=\"elementor-cta--skin-cover elementor-cta elementor-kitchor-banner\">\n                    <div class=\"elementor-cta__bg-wrapper\">\n                <div class=\"elementor-cta__bg elementor-bg\" style=\"background-image: url(https:\/\/www.caststairs.com\/wp-content\/uploads\/2022\/10\/SWING-VERTIKAL-scaled-1-600x600.jpeg);\"><\/div>\n                <div class=\"elementor-cta__bg-overlay\"><\/div>\n            <\/div>\n                <div class=\"elementor-cta__content\">\n        <div class=\"elementor-cta__content_inner\">\n                \n                <h3 class=\"elementor-cta__title elementor-cta__content-item elementor-content-item\">\n        Escaliers sospendus        <\/h3>\n    \n        \n                <div class=\"elementor-cta__button-wrapper elementor-cta__content-item elementor-content-item \">\n            <span class=\"elementor-cta__button elementor-button\"            >\n            <span class=\"elementor-button-content-wrapper\">\n                                <span class=\"elementor-button-text\">D\u00e9couvrez<\/span>\n            <\/span>\n\n            <\/span>\n\n            <\/div>\n                <\/div>\n        <\/div>\n        <\/a>\n        \t\t\t\t<\/div>\n\t\t\t\t<\/div>\n\t\t\t\t\t<\/div>\n\t\t<\/div>\n\t\t\t\t<div class=\"elementor-column elementor-col-25 elementor-top-column elementor-element elementor-element-c76d262\" data-id=\"c76d262\" data-element_type=\"column\">\n\t\t\t<div class=\"elementor-widget-wrap elementor-element-populated\">\n\t\t\t\t\t\t<div class=\"elementor-element elementor-element-2df1a78 elementor-position-below button-banner-style-kitchor-default elementor-bg-transform elementor-bg-transform-zoom-in elementor-widget elementor-widget-kitchor-banner\" data-id=\"2df1a78\" data-element_type=\"widget\" data-settings=\"{&quot;overlay_color_background&quot;:&quot;classic&quot;}\" data-widget_type=\"kitchor-banner.default\">\n\t\t\t\t<div class=\"elementor-widget-container\">\n\t\t\t\t\t        <a href=\"https:\/\/www.caststairs.com\/fr\/scale\/escaliers-en-colimacons\/\" title=\"scale a chiocciola\" class=\"elementor-cta--skin-cover elementor-cta elementor-kitchor-banner\">\n                    <div class=\"elementor-cta__bg-wrapper\">\n                <div class=\"elementor-cta__bg elementor-bg\" style=\"background-image: url(https:\/\/www.caststairs.com\/wp-content\/uploads\/2022\/10\/scale-a-chiocciola-di-design-wind-2.jpeg);\"><\/div>\n                <div class=\"elementor-cta__bg-overlay\"><\/div>\n            <\/div>\n                <div class=\"elementor-cta__content\">\n        <div class=\"elementor-cta__content_inner\">\n                \n                <h3 class=\"elementor-cta__title elementor-cta__content-item elementor-content-item\">\n        Escaliers en colima\u00e7ons        <\/h3>\n    \n        \n                <div class=\"elementor-cta__button-wrapper elementor-cta__content-item elementor-content-item \">\n            <span class=\"elementor-cta__button elementor-button\"            >\n            <span class=\"elementor-button-content-wrapper\">\n                                <span class=\"elementor-button-text\">D\u00e9couvrez<\/span>\n            <\/span>\n\n            <\/span>\n\n            <\/div>\n                <\/div>\n        <\/div>\n        <\/a>\n        \t\t\t\t<\/div>\n\t\t\t\t<\/div>\n\t\t\t\t\t<\/div>\n\t\t<\/div>\n\t\t\t\t<div class=\"elementor-column elementor-col-25 elementor-top-column elementor-element elementor-element-01942fd\" data-id=\"01942fd\" data-element_type=\"column\">\n\t\t\t<div class=\"elementor-widget-wrap elementor-element-populated\">\n\t\t\t\t\t\t<div class=\"elementor-element elementor-element-dbab6de elementor-position-below button-banner-style-kitchor-default elementor-bg-transform elementor-bg-transform-zoom-in elementor-widget elementor-widget-kitchor-banner\" data-id=\"dbab6de\" data-element_type=\"widget\" data-settings=\"{&quot;overlay_color_background&quot;:&quot;classic&quot;}\" data-widget_type=\"kitchor-banner.default\">\n\t\t\t\t<div class=\"elementor-widget-container\">\n\t\t\t\t\t        <a href=\"https:\/\/www.caststairs.com\/fr\/scale\/escaliers-interieurs-modulaires\/\" title=\"scale per interni modulari\" class=\"elementor-cta--skin-cover elementor-cta elementor-kitchor-banner\">\n                    <div class=\"elementor-cta__bg-wrapper\">\n                <div class=\"elementor-cta__bg elementor-bg\" style=\"background-image: url(https:\/\/www.caststairs.com\/wp-content\/uploads\/2022\/10\/scale-a-giorno-per-interni-tekna-2008-2-1024x751.jpeg);\"><\/div>\n                <div class=\"elementor-cta__bg-overlay\"><\/div>\n            <\/div>\n                <div class=\"elementor-cta__content\">\n        <div class=\"elementor-cta__content_inner\">\n                \n                <h3 class=\"elementor-cta__title elementor-cta__content-item elementor-content-item\">\n        Escaliers int\u00e9rieurs modulaires        <\/h3>\n    \n        \n                <div class=\"elementor-cta__button-wrapper elementor-cta__content-item elementor-content-item \">\n            <span class=\"elementor-cta__button elementor-button\"            >\n            <span class=\"elementor-button-content-wrapper\">\n                                <span class=\"elementor-button-text\">D\u00e9couvrez<\/span>\n            <\/span>\n\n            <\/span>\n\n            <\/div>\n                <\/div>\n        <\/div>\n        <\/a>\n        \t\t\t\t<\/div>\n\t\t\t\t<\/div>\n\t\t\t\t\t<\/div>\n\t\t<\/div>\n\t\t\t\t\t<\/div>\n\t\t<\/section>\n\t\t\t\t<section class=\"elementor-section elementor-top-section elementor-element elementor-element-ac0e417 elementor-section-boxed elementor-section-height-default elementor-section-height-default\" data-id=\"ac0e417\" data-element_type=\"section\">\n\t\t\t\t\t\t<div class=\"elementor-container elementor-column-gap-default\">\n\t\t\t\t\t<div class=\"elementor-column elementor-col-25 elementor-top-column elementor-element elementor-element-988df5f\" data-id=\"988df5f\" data-element_type=\"column\">\n\t\t\t<div class=\"elementor-widget-wrap elementor-element-populated\">\n\t\t\t\t\t\t<div class=\"elementor-element elementor-element-c1d74be elementor-position-below button-banner-style-kitchor-default elementor-bg-transform elementor-bg-transform-zoom-in elementor-widget elementor-widget-kitchor-banner\" data-id=\"c1d74be\" data-element_type=\"widget\" data-settings=\"{&quot;overlay_color_background&quot;:&quot;classic&quot;}\" data-widget_type=\"kitchor-banner.default\">\n\t\t\t\t<div class=\"elementor-widget-container\">\n\t\t\t\t\t        <a href=\"https:\/\/www.caststairs.com\/fr\/scale\/escaliers-pour-lexterieure\/\" title=\"scale esterne\" class=\"elementor-cta--skin-cover elementor-cta elementor-kitchor-banner\">\n                    <div class=\"elementor-cta__bg-wrapper\">\n                <div class=\"elementor-cta__bg elementor-bg\" style=\"background-image: url(https:\/\/www.caststairs.com\/wp-content\/uploads\/2022\/10\/link-iron-outdoor1-2-743x1024.png);\"><\/div>\n                <div class=\"elementor-cta__bg-overlay\"><\/div>\n            <\/div>\n                <div class=\"elementor-cta__content\">\n        <div class=\"elementor-cta__content_inner\">\n                \n                <h3 class=\"elementor-cta__title elementor-cta__content-item elementor-content-item\">\n        Escaliers pour l\u2019ext\u00e9rieure        <\/h3>\n    \n        \n                <div class=\"elementor-cta__button-wrapper elementor-cta__content-item elementor-content-item \">\n            <span class=\"elementor-cta__button elementor-button\"            >\n            <span class=\"elementor-button-content-wrapper\">\n                                <span class=\"elementor-button-text\">D\u00e9couvrez<\/span>\n            <\/span>\n\n            <\/span>\n\n            <\/div>\n                <\/div>\n        <\/div>\n        <\/a>\n        \t\t\t\t<\/div>\n\t\t\t\t<\/div>\n\t\t\t\t\t<\/div>\n\t\t<\/div>\n\t\t\t\t<div class=\"elementor-column elementor-col-25 elementor-top-column elementor-element elementor-element-b07fd5d\" data-id=\"b07fd5d\" data-element_type=\"column\">\n\t\t\t<div class=\"elementor-widget-wrap elementor-element-populated\">\n\t\t\t\t\t\t<div class=\"elementor-element elementor-element-717dce0 elementor-position-below button-banner-style-kitchor-default elementor-bg-transform elementor-bg-transform-zoom-in elementor-widget elementor-widget-kitchor-banner\" data-id=\"717dce0\" data-element_type=\"widget\" data-settings=\"{&quot;overlay_color_background&quot;:&quot;classic&quot;}\" data-widget_type=\"kitchor-banner.default\">\n\t\t\t\t<div class=\"elementor-widget-container\">\n\t\t\t\t\t        <a href=\"https:\/\/www.caststairs.com\/fr\/scale\/escaliers-helicoidaux\/\" title=\"scale elicoidali\" class=\"elementor-cta--skin-cover elementor-cta elementor-kitchor-banner\">\n                    <div class=\"elementor-cta__bg-wrapper\">\n                <div class=\"elementor-cta__bg elementor-bg\" style=\"background-image: url(https:\/\/www.caststairs.com\/wp-content\/uploads\/2022\/10\/scale-autoportanti-per-interni-helika-trend-iron-a-scaled-2-600x600.jpeg);\"><\/div>\n                <div class=\"elementor-cta__bg-overlay\"><\/div>\n            <\/div>\n                <div class=\"elementor-cta__content\">\n        <div class=\"elementor-cta__content_inner\">\n                \n                <h3 class=\"elementor-cta__title elementor-cta__content-item elementor-content-item\">\n        Escaliers h\u00e9lico\u00efdaux        <\/h3>\n    \n        \n                <div class=\"elementor-cta__button-wrapper elementor-cta__content-item elementor-content-item \">\n            <span class=\"elementor-cta__button elementor-button\"            >\n            <span class=\"elementor-button-content-wrapper\">\n                                <span class=\"elementor-button-text\">D\u00e9couvrez<\/span>\n            <\/span>\n\n            <\/span>\n\n            <\/div>\n                <\/div>\n        <\/div>\n        <\/a>\n        \t\t\t\t<\/div>\n\t\t\t\t<\/div>\n\t\t\t\t\t<\/div>\n\t\t<\/div>\n\t\t\t\t<div class=\"elementor-column elementor-col-25 elementor-top-column elementor-element elementor-element-9b5e3eb\" data-id=\"9b5e3eb\" data-element_type=\"column\">\n\t\t\t<div class=\"elementor-widget-wrap elementor-element-populated\">\n\t\t\t\t\t\t<div class=\"elementor-element elementor-element-1d168fe elementor-position-below button-banner-style-kitchor-default elementor-bg-transform elementor-bg-transform-zoom-in elementor-widget elementor-widget-kitchor-banner\" data-id=\"1d168fe\" data-element_type=\"widget\" data-settings=\"{&quot;overlay_color_background&quot;:&quot;classic&quot;}\" data-widget_type=\"kitchor-banner.default\">\n\t\t\t\t<div class=\"elementor-widget-container\">\n\t\t\t\t\t        <a href=\"https:\/\/www.caststairs.com\/fr\/scale\/balustrades-de-protection-tremie\/\" title=\"balaustre e ringhiere per scale\" class=\"elementor-cta--skin-cover elementor-cta elementor-kitchor-banner\">\n                    <div class=\"elementor-cta__bg-wrapper\">\n                <div class=\"elementor-cta__bg elementor-bg\" style=\"background-image: url(https:\/\/www.caststairs.com\/wp-content\/uploads\/2022\/10\/TEKNA-VIEW-BALAUSTRA-600x600.jpeg);\"><\/div>\n                <div class=\"elementor-cta__bg-overlay\"><\/div>\n            <\/div>\n                <div class=\"elementor-cta__content\">\n        <div class=\"elementor-cta__content_inner\">\n                \n                <h3 class=\"elementor-cta__title elementor-cta__content-item elementor-content-item\">\n        Balustrades de protection tremie        <\/h3>\n    \n        \n                <div class=\"elementor-cta__button-wrapper elementor-cta__content-item elementor-content-item \">\n            <span class=\"elementor-cta__button elementor-button\"            >\n            <span class=\"elementor-button-content-wrapper\">\n                                <span class=\"elementor-button-text\">D\u00e9couvrez<\/span>\n            <\/span>\n\n            <\/span>\n\n            <\/div>\n                <\/div>\n        <\/div>\n        <\/a>\n        \t\t\t\t<\/div>\n\t\t\t\t<\/div>\n\t\t\t\t\t<\/div>\n\t\t<\/div>\n\t\t\t\t<div class=\"elementor-column elementor-col-25 elementor-top-column elementor-element elementor-element-b2b2f26\" data-id=\"b2b2f26\" data-element_type=\"column\">\n\t\t\t<div class=\"elementor-widget-wrap elementor-element-populated\">\n\t\t\t\t\t\t<div class=\"elementor-element elementor-element-af61a00 elementor-position-below button-banner-style-kitchor-default elementor-bg-transform elementor-bg-transform-zoom-in elementor-widget elementor-widget-kitchor-banner\" data-id=\"af61a00\" data-element_type=\"widget\" data-settings=\"{&quot;overlay_color_background&quot;:&quot;classic&quot;,&quot;overlay_color_hover_background&quot;:&quot;classic&quot;}\" data-widget_type=\"kitchor-banner.default\">\n\t\t\t\t<div class=\"elementor-widget-container\">\n\t\t\t\t\t        <a href=\"https:\/\/www.caststairs.com\/fr\/demander-un-devis\/\" title=\"richiedi preventivo\" class=\"elementor-cta--skin-cover elementor-cta elementor-kitchor-banner\">\n                    <div class=\"elementor-cta__bg-wrapper\">\n                <div class=\"elementor-cta__bg elementor-bg\" style=\"background-image: url(https:\/\/www.caststairs.com\/wp-content\/uploads\/2022\/06\/single-team-bg.png);\"><\/div>\n                <div class=\"elementor-cta__bg-overlay\"><\/div>\n            <\/div>\n                <div class=\"elementor-cta__content\">\n        <div class=\"elementor-cta__content_inner\">\n                \n                <h3 class=\"elementor-cta__title elementor-cta__content-item elementor-content-item\">\n        Demander un devis        <\/h3>\n    \n        \n                <div class=\"elementor-cta__button-wrapper elementor-cta__content-item elementor-content-item \">\n            <span class=\"elementor-cta__button elementor-button\"            >\n            <span class=\"elementor-button-content-wrapper\">\n                                <span class=\"elementor-button-text\">Contactez-nous<\/span>\n            <\/span>\n\n            <\/span>\n\n            <\/div>\n                <\/div>\n        <\/div>\n        <\/a>\n        \t\t\t\t<\/div>\n\t\t\t\t<\/div>\n\t\t\t\t\t<\/div>\n\t\t<\/div>\n\t\t\t\t\t<\/div>\n\t\t<\/section>\n\t\t\t\t<\/div>\n\t\t","protected":false},"excerpt":{"rendered":"<p>Escaliers int\u00e9rieurs \u00e0 jour D\u00e9couvrez Escaliers sospendus D\u00e9couvrez Escaliers en colima\u00e7ons D\u00e9couvrez Escaliers int\u00e9rieurs modulaires D\u00e9couvrez Escaliers pour l\u2019ext\u00e9rieure D\u00e9couvrez Escaliers h\u00e9lico\u00efdaux D\u00e9couvrez Balustrades de protection tremie D\u00e9couvrez Demander un devis Contactez-nous<\/p>\n","protected":false},"author":1,"featured_media":0,"parent":0,"menu_order":0,"comment_status":"closed","ping_status":"closed","template":"","meta":{"inline_featured_image":false,"footnotes":""},"class_list":["post-14948","page","type-page","status-publish","hentry"],"_links":{"self":[{"href":"https:\/\/www.caststairs.com\/fr\/wp-json\/wp\/v2\/pages\/14948","targetHints":{"allow":["GET"]}}],"collection":[{"href":"https:\/\/www.caststairs.com\/fr\/wp-json\/wp\/v2\/pages"}],"about":[{"href":"https:\/\/www.caststairs.com\/fr\/wp-json\/wp\/v2\/types\/page"}],"author":[{"embeddable":true,"href":"https:\/\/www.caststairs.com\/fr\/wp-json\/wp\/v2\/users\/1"}],"replies":[{"embeddable":true,"href":"https:\/\/www.caststairs.com\/fr\/wp-json\/wp\/v2\/comments?post=14948"}],"version-history":[{"count":4,"href":"https:\/\/www.caststairs.com\/fr\/wp-json\/wp\/v2\/pages\/14948\/revisions"}],"predecessor-version":[{"id":15172,"href":"https:\/\/www.caststairs.com\/fr\/wp-json\/wp\/v2\/pages\/14948\/revisions\/15172"}],"wp:attachment":[{"href":"https:\/\/www.caststairs.com\/fr\/wp-json\/wp\/v2\/media?parent=14948"}],"curies":[{"name":"wp","href":"https:\/\/api.w.org\/{rel}","templated":true}]}}